{"id":8,"date":"2023-11-16T14:49:49","date_gmt":"2023-11-16T14:49:49","guid":{"rendered":"https:\/\/remechi.com.br\/?page_id=8"},"modified":"2023-11-16T20:57:03","modified_gmt":"2023-11-16T23:57:03","slug":"home","status":"publish","type":"page","link":"https:\/\/remechi.com.br\/","title":{"rendered":"Home"},"content":{"rendered":"\n<div class=\"wp-block-cover alignfull wp-duotone-grayscale\" style=\"min-height:720px;aspect-ratio:unset;\"><span aria-hidden=\"true\" class=\"wp-block-cover__background has-background-dim wp-block-cover__gradient-background has-background-gradient\" style=\"background:linear-gradient(35deg,rgb(6,0,151) 0%,rgb(130,4,255) 73%,rgb(193,15,255) 100%)\"><\/span><img loading=\"lazy\" decoding=\"async\" width=\"1032\" height=\"774\" class=\"wp-block-cover__image-background wp-image-65\" alt=\"\" src=\"https:\/\/remechi.com.br\/wp-content\/uploads\/2023\/11\/Foto_002.jpeg\" data-object-fit=\"cover\" srcset=\"https:\/\/remechi.com.br\/wp-content\/uploads\/2023\/11\/Foto_002.jpeg 1032w, https:\/\/remechi.com.br\/wp-content\/uploads\/2023\/11\/Foto_002-300x225.jpeg 300w, https:\/\/remechi.com.br\/wp-content\/uploads\/2023\/11\/Foto_002-1024x768.jpeg 1024w, https:\/\/remechi.com.br\/wp-content\/uploads\/2023\/11\/Foto_002-768x576.jpeg 768w\" sizes=\"auto, (max-width: 1032px) 100vw, 1032px\" \/><div class=\"wp-block-cover__inner-container is-layout-flow wp-block-cover-is-layout-flow\">\n<div class=\"inherit-container-width wp-block-group alignwide is-layout-constrained wp-block-group-is-layout-constrained\">\n<div class=\"wp-block-media-text alignwide is-stacked-on-mobile is-vertically-aligned-center\" style=\"grid-template-columns:16% auto\"><figure class=\"wp-block-media-text__media\"><img loading=\"lazy\" decoding=\"async\" width=\"150\" height=\"150\" src=\"https:\/\/remechi.com.br\/wp-content\/uploads\/2023\/11\/lua-150x150-1.png\" alt=\"\" class=\"wp-image-25 size-full\" srcset=\"https:\/\/remechi.com.br\/wp-content\/uploads\/2023\/11\/lua-150x150-1.png 150w, https:\/\/remechi.com.br\/wp-content\/uploads\/2023\/11\/lua-150x150-1-75x75.png 75w\" sizes=\"auto, (max-width: 150px) 100vw, 150px\" \/><\/figure><div class=\"wp-block-media-text__content\">\n<h1 class=\"wp-block-heading has-text-align-left has-white-color has-text-color\">MTCh<\/h1>\n\n\n\n<p><strong>Medicina Tradicional Chinesa<\/strong><\/p>\n\n\n\n<p>Bem-vindo!<\/p>\n\n\n\n<div class=\"wp-block-buttons is-layout-flex wp-block-buttons-is-layout-flex\"><\/div>\n<\/div><\/div>\n<\/div>\n<\/div><\/div>\n\n\n\n<div class=\"wp-block-group alignfull has-ast-global-color-5-background-color has-background is-layout-constrained wp-container-core-group-is-layout-9cedb757 wp-block-group-is-layout-constrained\" style=\"padding-bottom:0px\">\n<div class=\"wp-block-columns are-vertically-aligned-top is-layout-flex wp-container-core-columns-is-layout-00723822 wp-block-columns-is-layout-flex\">\n<div class=\"wp-block-column is-vertically-aligned-top is-layout-flow wp-container-core-column-is-layout-6b73ce23 wp-block-column-is-layout-flow\">\n<figure class=\"wp-block-image size-large\"><img decoding=\"async\" src=\"https:\/\/remechi.com.br\/wp-content\/themes\/astra\/inc\/assets\/images\/starter-content\/building.svg\" alt=\"\" class=\"wp-image-134\"\/><\/figure>\n\n\n\n<h3 class=\"wp-block-heading has-text-align-left\" style=\"margin-top:16px\">Recanto<\/h3>\n\n\n\n<p class=\"has-text-align-left\">Espa\u00e7o aconchegante para acompanhamento individual<\/p>\n<\/div>\n\n\n\n<div class=\"wp-block-column is-vertically-aligned-top is-layout-flow wp-container-core-column-is-layout-6b73ce23 wp-block-column-is-layout-flow\">\n<figure class=\"wp-block-image size-large\"><img decoding=\"async\" src=\"https:\/\/remechi.com.br\/wp-content\/themes\/astra\/inc\/assets\/images\/starter-content\/blog.svg\" alt=\"\" class=\"wp-image-136\"\/><\/figure>\n\n\n\n<h3 class=\"wp-block-heading has-text-align-left\" style=\"margin-top:16px\">Publica\u00e7\u00f5es<\/h3>\n\n\n\n<p class=\"has-text-align-left\">Acesso gratuito as publica\u00e7\u00f5es neste portal.<\/p>\n<\/div>\n\n\n\n<div class=\"wp-block-column is-vertically-aligned-top is-layout-flow wp-container-core-column-is-layout-6b73ce23 wp-block-column-is-layout-flow\">\n<figure class=\"wp-block-image size-large\"><img decoding=\"async\" src=\"https:\/\/remechi.com.br\/wp-content\/themes\/astra\/inc\/assets\/images\/starter-content\/portfolio.svg\" alt=\"\" class=\"wp-image-137\"\/><\/figure>\n\n\n\n<h3 class=\"wp-block-heading has-text-align-left\" style=\"margin-top:16px\">Cursos e Semin\u00e1rios<\/h3>\n\n\n\n<p class=\"has-text-align-left\">Nossos cursos e semin\u00e1rios tem vagas limitadas, garanta a sua<\/p>\n<\/div>\n<\/div>\n<\/div>\n\n\n\n<div class=\"wp-block-group alignfull is-layout-constrained wp-container-core-group-is-layout-45b0ac4f wp-block-group-is-layout-constrained\" id=\"services\" style=\"padding-top:144px;padding-bottom:0px\">\n<h2 class=\"wp-block-heading\">Nossos Servi\u00e7os<\/h2>\n\n\n\n<div class=\"wp-block-columns is-layout-flex wp-container-core-columns-is-layout-60cbf9bb wp-block-columns-is-layout-flex\" style=\"margin-top:50px\">\n<div class=\"wp-block-column is-layout-flow wp-container-core-column-is-layout-6b73ce23 wp-block-column-is-layout-flow\">\n<figure class=\"wp-block-image size-full\"><img loading=\"lazy\" decoding=\"async\" width=\"385\" height=\"490\" src=\"https:\/\/remechi.com.br\/wp-content\/uploads\/2023\/11\/pexels-maksim-goncharenok-6094086-1.jpg\" alt=\"\" class=\"wp-image-138\" srcset=\"https:\/\/remechi.com.br\/wp-content\/uploads\/2023\/11\/pexels-maksim-goncharenok-6094086-1.jpg 385w, https:\/\/remechi.com.br\/wp-content\/uploads\/2023\/11\/pexels-maksim-goncharenok-6094086-1-236x300.jpg 236w\" sizes=\"auto, (max-width: 385px) 100vw, 385px\" \/><\/figure>\n\n\n\n<h3 class=\"wp-block-heading\" style=\"margin-top:16px\">Acupuntura<\/h3>\n\n\n\n<p><\/p>\n<\/div>\n\n\n\n<div class=\"wp-block-column is-layout-flow wp-container-core-column-is-layout-6b73ce23 wp-block-column-is-layout-flow\">\n<figure class=\"wp-block-image size-full\"><img loading=\"lazy\" decoding=\"async\" width=\"385\" height=\"490\" src=\"https:\/\/remechi.com.br\/wp-content\/uploads\/2023\/11\/pexels-rdne-stock-project-8312798.jpg\" alt=\"\" class=\"wp-image-139\" srcset=\"https:\/\/remechi.com.br\/wp-content\/uploads\/2023\/11\/pexels-rdne-stock-project-8312798.jpg 385w, https:\/\/remechi.com.br\/wp-content\/uploads\/2023\/11\/pexels-rdne-stock-project-8312798-236x300.jpg 236w\" sizes=\"auto, (max-width: 385px) 100vw, 385px\" \/><\/figure>\n\n\n\n<h3 class=\"wp-block-heading\" style=\"margin-top:16px\">Tratamento com Ventosas<\/h3>\n\n\n\n<p><\/p>\n<\/div>\n\n\n\n<div class=\"wp-block-column is-layout-flow wp-container-core-column-is-layout-6b73ce23 wp-block-column-is-layout-flow\">\n<figure class=\"wp-block-image size-full\"><img loading=\"lazy\" decoding=\"async\" width=\"385\" height=\"490\" src=\"https:\/\/remechi.com.br\/wp-content\/uploads\/2023\/11\/pexels-zhang-kaiyv-3210189.jpg\" alt=\"\" class=\"wp-image-140\" srcset=\"https:\/\/remechi.com.br\/wp-content\/uploads\/2023\/11\/pexels-zhang-kaiyv-3210189.jpg 385w, https:\/\/remechi.com.br\/wp-content\/uploads\/2023\/11\/pexels-zhang-kaiyv-3210189-236x300.jpg 236w\" sizes=\"auto, (max-width: 385px) 100vw, 385px\" \/><\/figure>\n\n\n\n<h3 class=\"wp-block-heading\" style=\"margin-top:16px\">Equaliza\u00e7\u00e3o de Energias<\/h3>\n\n\n\n<p><\/p>\n<\/div>\n<\/div>\n<\/div>\n\n\n\n<div class=\"wp-block-group alignfull has-ast-global-color-5-background-color has-background is-layout-constrained wp-container-core-group-is-layout-94d206d0 wp-block-group-is-layout-constrained\" id=\"about\" style=\"padding-top:143px;padding-bottom:144px\">\n<div class=\"wp-block-media-text has-media-on-the-right is-stacked-on-mobile is-vertically-aligned-center\"><div class=\"wp-block-media-text__content\">\n<div class=\"inherit-container-width wp-block-group is-layout-constrained wp-container-core-group-is-layout-47ce07ec wp-block-group-is-layout-constrained\" style=\"padding-right:80px\">\n<h2 class=\"wp-block-heading\" style=\"padding-right:40px\">Cursos e Semin\u00e1rios Presenciais e Online<\/h2>\n\n\n\n<p>Aten\u00e7\u00e3o, vagas limitadas para os cursos presenciais  (10 vagas)<\/p>\n\n\n\n<p><\/p>\n<\/div>\n<\/div><figure class=\"wp-block-media-text__media\"><img loading=\"lazy\" decoding=\"async\" width=\"1024\" height=\"768\" src=\"https:\/\/remechi.com.br\/wp-content\/uploads\/2023\/11\/Foto_002-1024x768.jpeg\" alt=\"\" class=\"wp-image-65 size-full\" srcset=\"https:\/\/remechi.com.br\/wp-content\/uploads\/2023\/11\/Foto_002-1024x768.jpeg 1024w, https:\/\/remechi.com.br\/wp-content\/uploads\/2023\/11\/Foto_002-300x225.jpeg 300w, https:\/\/remechi.com.br\/wp-content\/uploads\/2023\/11\/Foto_002-768x576.jpeg 768w, https:\/\/remechi.com.br\/wp-content\/uploads\/2023\/11\/Foto_002.jpeg 1032w\" sizes=\"auto, (max-width: 1024px) 100vw, 1024px\" \/><\/figure><\/div>\n<\/div>\n\n\n\n<div class=\"wp-block-group alignfull has-ast-global-color-4-background-color has-background is-layout-constrained wp-container-core-group-is-layout-6a2cfb7b wp-block-group-is-layout-constrained\" id=\"reviews\">\n<p class=\"has-text-align-center\" style=\"font-size:22px;line-height:1.6\">Este portal tem o objetivo de divulgar e discutir os princ\u00edpios e pr\u00e1ticas da Medicina Tradicional Chinesa (M.T.Ch), \u201c<em>Tesouro do Humanidade<\/em>\u201c.<\/p>\n\n\n\n<p class=\"has-text-align-center\"><\/p>\n<\/div>\n\n\n\n<div class=\"wp-block-group alignfull is-layout-constrained wp-container-core-group-is-layout-3fee123f wp-block-group-is-layout-constrained\" id=\"whyus\" style=\"padding-top:144px;padding-bottom:144px\">\n<h2 class=\"wp-block-heading\">Recanto da Medicina Tradicional Chinesa<\/h2>\n\n\n\n<div class=\"wp-block-columns is-layout-flex wp-container-core-columns-is-layout-29aadeec wp-block-columns-is-layout-flex\" style=\"margin-top:60px\">\n<div class=\"wp-block-column is-layout-flow wp-container-core-column-is-layout-6b73ce23 wp-block-column-is-layout-flow\">\n<figure class=\"wp-block-image size-large\"><img decoding=\"async\" src=\"https:\/\/remechi.com.br\/wp-content\/themes\/astra\/inc\/assets\/images\/starter-content\/passionate.svg\" alt=\"\" class=\"wp-image-162\"\/><\/figure>\n\n\n\n<h3 class=\"wp-block-heading\" style=\"margin-top:16px\">Trabalho de reequil\u00edbrio das fun\u00e7\u00f5es org\u00e2nicas e ps\u00edquicas.<\/h3>\n\n\n\n<p><\/p>\n<\/div>\n\n\n\n<div class=\"wp-block-column is-layout-flow wp-container-core-column-is-layout-6b73ce23 wp-block-column-is-layout-flow\">\n<figure class=\"wp-block-image size-large\"><img decoding=\"async\" src=\"https:\/\/remechi.com.br\/wp-content\/themes\/astra\/inc\/assets\/images\/starter-content\/professional.svg\" alt=\"\" class=\"wp-image-163\"\/><\/figure>\n\n\n\n<h3 class=\"wp-block-heading\" style=\"margin-top:16px\">Atendimento preventivo na entrada de cada esta\u00e7\u00e3o.<\/h3>\n\n\n\n<p><\/p>\n<\/div>\n\n\n\n<div class=\"wp-block-column is-layout-flow wp-container-core-column-is-layout-6b73ce23 wp-block-column-is-layout-flow\">\n<figure class=\"wp-block-image size-large\"><img decoding=\"async\" src=\"https:\/\/remechi.com.br\/wp-content\/themes\/astra\/inc\/assets\/images\/starter-content\/support.svg\" alt=\"\" class=\"wp-image-164\"\/><\/figure>\n\n\n\n<h3 class=\"wp-block-heading\" style=\"margin-top:16px\">Tratamento de desequil\u00edbrios energ\u00e9ticos e doen\u00e7as f\u00edsicas e ps\u00edquicas.<\/h3>\n\n\n\n<p><\/p>\n<\/div>\n<\/div>\n<\/div>\n\n\n\n<div class=\"wp-block-group alignfull has-background is-layout-constrained wp-container-core-group-is-layout-cfcca693 wp-block-group-is-layout-constrained\" id=\"contact\" style=\"background:linear-gradient(35deg,rgb(6,0,151) 0%,rgb(130,4,255) 64%,rgb(193,15,255) 98%);padding-top:104px;padding-bottom:104px\">\n<h2 class=\"wp-block-heading has-text-align-center has-text-color\" style=\"color:#ffffff\">Entre em contato!<\/h2>\n\n\n\n<div class=\"wp-block-buttons alignwide is-horizontal is-content-justification-center is-layout-flex wp-container-core-buttons-is-layout-bba8380a wp-block-buttons-is-layout-flex\" style=\"margin-top:50px\">\n<div class=\"wp-block-button is-style-outline is-style-outline--1\"><a class=\"wp-block-button__link wp-element-button\" href=\"https:\/\/api.whatsapp.com\/send?phone=5522981125436\" target=\"_blank\" rel=\"noreferrer noopener\">Whatsapp<\/a><\/div>\n<\/div>\n<\/div>\n","protected":false},"excerpt":{"rendered":"<p>Recanto Espa\u00e7o aconchegante para acompanhamento individual Publica\u00e7\u00f5es Acesso gratuito as publica\u00e7\u00f5es neste portal. Cursos e Semin\u00e1rios Nossos cursos e semin\u00e1rios tem vagas limitadas, garanta a sua Nossos Servi\u00e7os Acupuntura Tratamento com Ventosas Equaliza\u00e7\u00e3o de Energias Cursos e Semin\u00e1rios Presenciais e Online Aten\u00e7\u00e3o, vagas limitadas para os cursos presenciais (10 vagas) Este portal tem o objetivo [&hellip;]<\/p>\n","protected":false},"author":1,"featured_media":0,"parent":0,"menu_order":0,"comment_status":"closed","ping_status":"closed","template":"","meta":{"site-sidebar-layout":"no-sidebar","site-content-layout":"plain-container","ast-site-content-layout":"default","site-content-style":"default","site-sidebar-style":"default","ast-global-header-display":"","ast-banner-title-visibility":"","ast-main-header-display":"","ast-hfb-above-header-display":"","ast-hfb-below-header-display":"","ast-hfb-mobile-header-display":"","site-post-title":"disabled","ast-breadcrumbs-content":"","ast-featured-img":"","footer-sml-layout":"","ast-disable-related-posts":"","theme-transparent-header-meta":"enabled","adv-header-id-meta":"","stick-header-meta":"","header-above-stick-meta":"","header-main-stick-meta":"","header-below-stick-meta":"","astra-migrate-meta-layouts":"default","ast-page-background-enabled":"default","ast-page-background-meta":{"desktop":{"background-color":"var(--ast-global-color-4)","background-image":"","background-repeat":"repeat","background-position":"center center","background-size":"auto","background-attachment":"scroll","background-type":"","background-media":"","overlay-type":"","overlay-color":"","overlay-opacity":"","overlay-gradient":""},"tablet":{"background-color":"","background-image":"","background-repeat":"repeat","background-position":"center center","background-size":"auto","background-attachment":"scroll","background-type":"","background-media":"","overlay-type":"","overlay-color":"","overlay-opacity":"","overlay-gradient":""},"mobile":{"background-color":"","background-image":"","background-repeat":"repeat","background-position":"center center","background-size":"auto","background-attachment":"scroll","background-type":"","background-media":"","overlay-type":"","overlay-color":"","overlay-opacity":"","overlay-gradient":""}},"ast-content-background-meta":{"desktop":{"background-color":"var(--ast-global-color-5)","background-image":"","background-repeat":"repeat","background-position":"center center","background-size":"auto","background-attachment":"scroll","background-type":"","background-media":"","overlay-type":"","overlay-color":"","overlay-opacity":"","overlay-gradient":""},"tablet":{"background-color":"var(--ast-global-color-5)","background-image":"","background-repeat":"repeat","background-position":"center center","background-size":"auto","background-attachment":"scroll","background-type":"","background-media":"","overlay-type":"","overlay-color":"","overlay-opacity":"","overlay-gradient":""},"mobile":{"background-color":"var(--ast-global-color-5)","background-image":"","background-repeat":"repeat","background-position":"center center","background-size":"auto","background-attachment":"scroll","background-type":"","background-media":"","overlay-type":"","overlay-color":"","overlay-opacity":"","overlay-gradient":""}},"footnotes":""},"class_list":["post-8","page","type-page","status-publish","hentry"],"_links":{"self":[{"href":"https:\/\/remechi.com.br\/index.php\/wp-json\/wp\/v2\/pages\/8","targetHints":{"allow":["GET"]}}],"collection":[{"href":"https:\/\/remechi.com.br\/index.php\/wp-json\/wp\/v2\/pages"}],"about":[{"href":"https:\/\/remechi.com.br\/index.php\/wp-json\/wp\/v2\/types\/page"}],"author":[{"embeddable":true,"href":"https:\/\/remechi.com.br\/index.php\/wp-json\/wp\/v2\/users\/1"}],"replies":[{"embeddable":true,"href":"https:\/\/remechi.com.br\/index.php\/wp-json\/wp\/v2\/comments?post=8"}],"version-history":[{"count":15,"href":"https:\/\/remechi.com.br\/index.php\/wp-json\/wp\/v2\/pages\/8\/revisions"}],"predecessor-version":[{"id":72,"href":"https:\/\/remechi.com.br\/index.php\/wp-json\/wp\/v2\/pages\/8\/revisions\/72"}],"wp:attachment":[{"href":"https:\/\/remechi.com.br\/index.php\/wp-json\/wp\/v2\/media?parent=8"}],"curies":[{"name":"wp","href":"https:\/\/api.w.org\/{rel}","templated":true}]}}