{"id":44,"date":"2023-11-16T18:00:51","date_gmt":"2023-11-16T18:00:51","guid":{"rendered":"https:\/\/remechi.com.br\/?page_id=44"},"modified":"2023-11-16T18:03:37","modified_gmt":"2023-11-16T18:03:37","slug":"atividades","status":"publish","type":"page","link":"https:\/\/remechi.com.br\/index.php\/atividades\/","title":{"rendered":"Atividades"},"content":{"rendered":"<ul>\n<li>Trabalho de reequil\u00edbrio das fun\u00e7\u00f5es org\u00e2nicas e ps\u00edquicas.<\/li>\n<li>Atendimento preventivo na entrada de cada esta\u00e7\u00e3o.<\/li>\n<li>Tratamento de desequil\u00edbrios energ\u00e9ticos e doen\u00e7as f\u00edsicas e ps\u00edquicas.<\/li>\n<li>Semin\u00e1rio de estudo de M.T.Ch.<\/li>\n<li>Curso de forma\u00e7\u00e3o em M.T.Ch.<\/li>\n<\/ul>\n<p>Todas as atividades s\u00e3o realizadas segundo a Medicina Tradicional Chinesa (M.T.Ch).<\/p>\n","protected":false},"excerpt":{"rendered":"<p>Trabalho de reequil\u00edbrio das fun\u00e7\u00f5es org\u00e2nicas e ps\u00edquicas. Atendimento preventivo na entrada de cada esta\u00e7\u00e3o. Tratamento de desequil\u00edbrios energ\u00e9ticos e doen\u00e7as f\u00edsicas e ps\u00edquicas. Semin\u00e1rio de estudo de M.T.Ch. Curso de forma\u00e7\u00e3o em M.T.Ch. Todas as atividades s\u00e3o realizadas segundo a Medicina Tradicional Chinesa (M.T.Ch).<\/p>\n","protected":false},"author":1,"featured_media":0,"parent":0,"menu_order":0,"comment_status":"closed","ping_status":"closed","template":"","meta":{"site-sidebar-layout":"default","site-content-layout":"","ast-site-content-layout":"default","site-content-style":"default","site-sidebar-style":"default","ast-global-header-display":"","ast-banner-title-visibility":"","ast-main-header-display":"","ast-hfb-above-header-display":"","ast-hfb-below-header-display":"","ast-hfb-mobile-header-display":"","site-post-title":"","ast-breadcrumbs-content":"","ast-featured-img":"","footer-sml-layout":"","ast-disable-related-posts":"","theme-transparent-header-meta":"","adv-header-id-meta":"","stick-header-meta":"","header-above-stick-meta":"","header-main-stick-meta":"","header-below-stick-meta":"","astra-migrate-meta-layouts":"default","ast-page-background-enabled":"default","ast-page-background-meta":{"desktop":{"background-color":"var(--ast-global-color-4)","background-image":"","background-repeat":"repeat","background-position":"center center","background-size":"auto","background-attachment":"scroll","background-type":"","background-media":"","overlay-type":"","overlay-color":"","overlay-opacity":"","overlay-gradient":""},"tablet":{"background-color":"","background-image":"","background-repeat":"repeat","background-position":"center center","background-size":"auto","background-attachment":"scroll","background-type":"","background-media":"","overlay-type":"","overlay-color":"","overlay-opacity":"","overlay-gradient":""},"mobile":{"background-color":"","background-image":"","background-repeat":"repeat","background-position":"center center","background-size":"auto","background-attachment":"scroll","background-type":"","background-media":"","overlay-type":"","overlay-color":"","overlay-opacity":"","overlay-gradient":""}},"ast-content-background-meta":{"desktop":{"background-color":"var(--ast-global-color-5)","background-image":"","background-repeat":"repeat","background-position":"center center","background-size":"auto","background-attachment":"scroll","background-type":"","background-media":"","overlay-type":"","overlay-color":"","overlay-opacity":"","overlay-gradient":""},"tablet":{"background-color":"var(--ast-global-color-5)","background-image":"","background-repeat":"repeat","background-position":"center center","background-size":"auto","background-attachment":"scroll","background-type":"","background-media":"","overlay-type":"","overlay-color":"","overlay-opacity":"","overlay-gradient":""},"mobile":{"background-color":"var(--ast-global-color-5)","background-image":"","background-repeat":"repeat","background-position":"center center","background-size":"auto","background-attachment":"scroll","background-type":"","background-media":"","overlay-type":"","overlay-color":"","overlay-opacity":"","overlay-gradient":""}},"footnotes":""},"class_list":["post-44","page","type-page","status-publish","hentry"],"_links":{"self":[{"href":"https:\/\/remechi.com.br\/index.php\/wp-json\/wp\/v2\/pages\/44","targetHints":{"allow":["GET"]}}],"collection":[{"href":"https:\/\/remechi.com.br\/index.php\/wp-json\/wp\/v2\/pages"}],"about":[{"href":"https:\/\/remechi.com.br\/index.php\/wp-json\/wp\/v2\/types\/page"}],"author":[{"embeddable":true,"href":"https:\/\/remechi.com.br\/index.php\/wp-json\/wp\/v2\/users\/1"}],"replies":[{"embeddable":true,"href":"https:\/\/remechi.com.br\/index.php\/wp-json\/wp\/v2\/comments?post=44"}],"version-history":[{"count":2,"href":"https:\/\/remechi.com.br\/index.php\/wp-json\/wp\/v2\/pages\/44\/revisions"}],"predecessor-version":[{"id":47,"href":"https:\/\/remechi.com.br\/index.php\/wp-json\/wp\/v2\/pages\/44\/revisions\/47"}],"wp:attachment":[{"href":"https:\/\/remechi.com.br\/index.php\/wp-json\/wp\/v2\/media?parent=44"}],"curies":[{"name":"wp","href":"https:\/\/api.w.org\/{rel}","templated":true}]}}